{"id":534,"date":"2013-02-28T15:08:08","date_gmt":"2013-02-28T14:08:08","guid":{"rendered":"http:\/\/www.kk-drazenpetrovic.de\/?page_id=534"},"modified":"2026-03-01T15:53:28","modified_gmt":"2026-03-01T14:53:28","slug":"finanzielle-hilfe","status":"publish","type":"page","link":"https:\/\/www.crobaskets.com\/?page_id=534","title":{"rendered":"Finanzielle Hilfe"},"content":{"rendered":"<p><b>Finanzielle Unterst\u00fctzung f\u00fcr CroBaskets Essen e.V.<\/b><\/p>\n<p>Mit den sportlichen, sozialen und kulturellen Erfolgen, die der Verein verbuchte, ist es kaum zu glauben dass sich dieser, in der Vergangenheit, nahezu ausschlie\u00dflich durch Mitgliedsbeitr\u00e4ge finanzierte.<br \/>\nIndividuelle Spenden durch Vereinsmitglieder und deren Angeh\u00f6rige sind f\u00fcr die finanzielle Erhaltung des Vereins ein ma\u00dfgeblicher Faktor.<\/p>\n<p>Andere Unterst\u00fctzer gab es in der Vereinsgeschichte jedoch auch. An dieser Stelle seien zu nennen:<br \/>\n&#8211; Peter Brekalo, ein lokaler Unternehmer<br \/>\n&#8211; Ivo Kolobaric, der Sportausr\u00fcstung zur Verf\u00fcgung stellte<br \/>\n&#8211; das Unternehmen EVONIK, die den Verein finanziell unterst\u00fctzen<\/p>\n<p>Der Verein orientiert sich am Beispiel DrazenPetrovics,\u00a0 der gezeigt hat, dass sich harte Arbeit und Aufrichtigkeit auszahlen und schaut so zuversichtlich in eine noch erfolgreichere Zukunft. Alle die, die daran interessiert sind den Verein und seine Arbeit zu unterst\u00fctzen k\u00f6nnen dies gerne unter folgender Adresse tun:<\/p>\n<p>CroBaskets Essen e.V.<br \/>\nIBAN: DE07 3605 0105 0000 2896 03<br \/>\nBIC: SPES DE 3EXXX<br \/>\nSparkasse Essen<\/p>\n<p><strong>Bei Fragen zum Sponsoring wenden Sie sich bitte direkt an die Beauftragten des Sponsoring Managements des Vereins<br \/>\nMarko Maric oder<br \/>\n<\/strong><strong>Zdravko Vukoja unter der Rufnummer 0177-9317008 oder direkt an die Gesch\u00e4ftsstelle des Hauptvereins \u00fcber die E-Mail-Adresse &#8222;<\/strong><strong><a href=\"mailto:info@crobaskets.com\">info@crobaskets.com<\/a>&#8222;<\/strong><\/p>\n","protected":false},"excerpt":{"rendered":"<p>Finanzielle Unterst\u00fctzung f\u00fcr CroBaskets Essen e.V. Mit den sportlichen, sozialen und kulturellen Erfolgen, die der Verein verbuchte, ist es kaum zu glauben dass sich dieser, in der Vergangenheit, nahezu ausschlie\u00dflich durch Mitgliedsbeitr\u00e4ge finanzierte. Individuelle Spenden durch Vereinsmitglieder und deren Angeh\u00f6rige sind f\u00fcr die finanzielle Erhaltung des Vereins ein ma\u00dfgeblicher Faktor. Andere Unterst\u00fctzer gab es in [&hellip;]<\/p>\n","protected":false},"author":1,"featured_media":0,"parent":0,"menu_order":0,"comment_status":"closed","ping_status":"closed","template":"","meta":{"footnotes":""},"class_list":["post-534","page","type-page","status-publish","hentry"],"yoast_head":"<!-- This site is optimized with the Yoast SEO plugin v27.0 - https:\/\/yoast.com\/product\/yoast-seo-wordpress\/ -->\n<title>Finanzielle Hilfe | CroBaskets Essen<\/title>\n<meta name=\"robots\" content=\"index, follow, max-snippet:-1, max-image-preview:large, max-video-preview:-1\" \/>\n<link rel=\"canonical\" href=\"https:\/\/www.crobaskets.com\/?page_id=534\" \/>\n<meta property=\"og:locale\" content=\"de_DE\" \/>\n<meta property=\"og:type\" content=\"article\" \/>\n<meta property=\"og:title\" content=\"Finanzielle Hilfe | CroBaskets Essen\" \/>\n<meta property=\"og:description\" content=\"Finanzielle Unterst\u00fctzung f\u00fcr CroBaskets Essen e.V. Mit den sportlichen, sozialen und kulturellen Erfolgen, die der Verein verbuchte, ist es kaum zu glauben dass sich dieser, in der Vergangenheit, nahezu ausschlie\u00dflich durch Mitgliedsbeitr\u00e4ge finanzierte. Individuelle Spenden durch Vereinsmitglieder und deren Angeh\u00f6rige sind f\u00fcr die finanzielle Erhaltung des Vereins ein ma\u00dfgeblicher Faktor. Andere Unterst\u00fctzer gab es in [&hellip;]\" \/>\n<meta property=\"og:url\" content=\"https:\/\/www.crobaskets.com\/?page_id=534\" \/>\n<meta property=\"og:site_name\" content=\"CroBaskets Essen\" \/>\n<meta property=\"article:publisher\" content=\"https:\/\/www.facebook.com\/CroBasketsEssen\" \/>\n<meta property=\"article:modified_time\" content=\"2026-03-01T14:53:28+00:00\" \/>\n<meta name=\"twitter:card\" content=\"summary_large_image\" \/>\n<meta name=\"twitter:label1\" content=\"Gesch\u00e4tzte Lesezeit\" \/>\n\t<meta name=\"twitter:data1\" content=\"2\u00a0Minuten\" \/>\n<script type=\"application\/ld+json\" class=\"yoast-schema-graph\">{\"@context\":\"https:\/\/schema.org\",\"@graph\":[{\"@type\":\"WebPage\",\"@id\":\"https:\/\/www.crobaskets.com\/?page_id=534\",\"url\":\"https:\/\/www.crobaskets.com\/?page_id=534\",\"name\":\"Finanzielle Hilfe | CroBaskets Essen\",\"isPartOf\":{\"@id\":\"https:\/\/www.crobaskets.com\/#website\"},\"datePublished\":\"2013-02-28T14:08:08+00:00\",\"dateModified\":\"2026-03-01T14:53:28+00:00\",\"breadcrumb\":{\"@id\":\"https:\/\/www.crobaskets.com\/?page_id=534#breadcrumb\"},\"inLanguage\":\"de\",\"potentialAction\":[{\"@type\":\"ReadAction\",\"target\":[\"https:\/\/www.crobaskets.com\/?page_id=534\"]}]},{\"@type\":\"BreadcrumbList\",\"@id\":\"https:\/\/www.crobaskets.com\/?page_id=534#breadcrumb\",\"itemListElement\":[{\"@type\":\"ListItem\",\"position\":1,\"name\":\"Startseite\",\"item\":\"https:\/\/www.crobaskets.com\/\"},{\"@type\":\"ListItem\",\"position\":2,\"name\":\"Finanzielle Hilfe\"}]},{\"@type\":\"WebSite\",\"@id\":\"https:\/\/www.crobaskets.com\/#website\",\"url\":\"https:\/\/www.crobaskets.com\/\",\"name\":\"CroBaskets Essen\",\"description\":\"Basketball\",\"publisher\":{\"@id\":\"https:\/\/www.crobaskets.com\/#organization\"},\"potentialAction\":[{\"@type\":\"SearchAction\",\"target\":{\"@type\":\"EntryPoint\",\"urlTemplate\":\"https:\/\/www.crobaskets.com\/?s={search_term_string}\"},\"query-input\":{\"@type\":\"PropertyValueSpecification\",\"valueRequired\":true,\"valueName\":\"search_term_string\"}}],\"inLanguage\":\"de\"},{\"@type\":\"Organization\",\"@id\":\"https:\/\/www.crobaskets.com\/#organization\",\"name\":\"CroBaskets Essen\",\"url\":\"https:\/\/www.crobaskets.com\/\",\"logo\":{\"@type\":\"ImageObject\",\"inLanguage\":\"de\",\"@id\":\"https:\/\/www.crobaskets.com\/#\/schema\/logo\/image\/\",\"url\":\"https:\/\/www.crobaskets.com\/wp-content\/uploads\/2017\/07\/cropped-logo_CBE_quadratisch.jpg\",\"contentUrl\":\"https:\/\/www.crobaskets.com\/wp-content\/uploads\/2017\/07\/cropped-logo_CBE_quadratisch.jpg\",\"width\":512,\"height\":512,\"caption\":\"CroBaskets Essen\"},\"image\":{\"@id\":\"https:\/\/www.crobaskets.com\/#\/schema\/logo\/image\/\"},\"sameAs\":[\"https:\/\/www.facebook.com\/CroBasketsEssen\",\"https:\/\/www.instagram.com\/crobaskets.essen\"]}]}<\/script>\n<!-- \/ Yoast SEO plugin. -->","yoast_head_json":{"title":"Finanzielle Hilfe | CroBaskets Essen","robots":{"index":"index","follow":"follow","max-snippet":"max-snippet:-1","max-image-preview":"max-image-preview:large","max-video-preview":"max-video-preview:-1"},"canonical":"https:\/\/www.crobaskets.com\/?page_id=534","og_locale":"de_DE","og_type":"article","og_title":"Finanzielle Hilfe | CroBaskets Essen","og_description":"Finanzielle Unterst\u00fctzung f\u00fcr CroBaskets Essen e.V. Mit den sportlichen, sozialen und kulturellen Erfolgen, die der Verein verbuchte, ist es kaum zu glauben dass sich dieser, in der Vergangenheit, nahezu ausschlie\u00dflich durch Mitgliedsbeitr\u00e4ge finanzierte. Individuelle Spenden durch Vereinsmitglieder und deren Angeh\u00f6rige sind f\u00fcr die finanzielle Erhaltung des Vereins ein ma\u00dfgeblicher Faktor. Andere Unterst\u00fctzer gab es in [&hellip;]","og_url":"https:\/\/www.crobaskets.com\/?page_id=534","og_site_name":"CroBaskets Essen","article_publisher":"https:\/\/www.facebook.com\/CroBasketsEssen","article_modified_time":"2026-03-01T14:53:28+00:00","twitter_card":"summary_large_image","twitter_misc":{"Gesch\u00e4tzte Lesezeit":"2\u00a0Minuten"},"schema":{"@context":"https:\/\/schema.org","@graph":[{"@type":"WebPage","@id":"https:\/\/www.crobaskets.com\/?page_id=534","url":"https:\/\/www.crobaskets.com\/?page_id=534","name":"Finanzielle Hilfe | CroBaskets Essen","isPartOf":{"@id":"https:\/\/www.crobaskets.com\/#website"},"datePublished":"2013-02-28T14:08:08+00:00","dateModified":"2026-03-01T14:53:28+00:00","breadcrumb":{"@id":"https:\/\/www.crobaskets.com\/?page_id=534#breadcrumb"},"inLanguage":"de","potentialAction":[{"@type":"ReadAction","target":["https:\/\/www.crobaskets.com\/?page_id=534"]}]},{"@type":"BreadcrumbList","@id":"https:\/\/www.crobaskets.com\/?page_id=534#breadcrumb","itemListElement":[{"@type":"ListItem","position":1,"name":"Startseite","item":"https:\/\/www.crobaskets.com\/"},{"@type":"ListItem","position":2,"name":"Finanzielle Hilfe"}]},{"@type":"WebSite","@id":"https:\/\/www.crobaskets.com\/#website","url":"https:\/\/www.crobaskets.com\/","name":"CroBaskets Essen","description":"Basketball","publisher":{"@id":"https:\/\/www.crobaskets.com\/#organization"},"potentialAction":[{"@type":"SearchAction","target":{"@type":"EntryPoint","urlTemplate":"https:\/\/www.crobaskets.com\/?s={search_term_string}"},"query-input":{"@type":"PropertyValueSpecification","valueRequired":true,"valueName":"search_term_string"}}],"inLanguage":"de"},{"@type":"Organization","@id":"https:\/\/www.crobaskets.com\/#organization","name":"CroBaskets Essen","url":"https:\/\/www.crobaskets.com\/","logo":{"@type":"ImageObject","inLanguage":"de","@id":"https:\/\/www.crobaskets.com\/#\/schema\/logo\/image\/","url":"https:\/\/www.crobaskets.com\/wp-content\/uploads\/2017\/07\/cropped-logo_CBE_quadratisch.jpg","contentUrl":"https:\/\/www.crobaskets.com\/wp-content\/uploads\/2017\/07\/cropped-logo_CBE_quadratisch.jpg","width":512,"height":512,"caption":"CroBaskets Essen"},"image":{"@id":"https:\/\/www.crobaskets.com\/#\/schema\/logo\/image\/"},"sameAs":["https:\/\/www.facebook.com\/CroBasketsEssen","https:\/\/www.instagram.com\/crobaskets.essen"]}]}},"_links":{"self":[{"href":"https:\/\/www.crobaskets.com\/index.php?rest_route=\/wp\/v2\/pages\/534","targetHints":{"allow":["GET"]}}],"collection":[{"href":"https:\/\/www.crobaskets.com\/index.php?rest_route=\/wp\/v2\/pages"}],"about":[{"href":"https:\/\/www.crobaskets.com\/index.php?rest_route=\/wp\/v2\/types\/page"}],"author":[{"embeddable":true,"href":"https:\/\/www.crobaskets.com\/index.php?rest_route=\/wp\/v2\/users\/1"}],"replies":[{"embeddable":true,"href":"https:\/\/www.crobaskets.com\/index.php?rest_route=%2Fwp%2Fv2%2Fcomments&post=534"}],"version-history":[{"count":15,"href":"https:\/\/www.crobaskets.com\/index.php?rest_route=\/wp\/v2\/pages\/534\/revisions"}],"predecessor-version":[{"id":3245,"href":"https:\/\/www.crobaskets.com\/index.php?rest_route=\/wp\/v2\/pages\/534\/revisions\/3245"}],"wp:attachment":[{"href":"https:\/\/www.crobaskets.com\/index.php?rest_route=%2Fwp%2Fv2%2Fmedia&parent=534"}],"curies":[{"name":"wp","href":"https:\/\/api.w.org\/{rel}","templated":true}]}}