{"id":45,"date":"2013-02-21T21:54:04","date_gmt":"2013-02-24T16:26:31","guid":{"rendered":"http:\/\/www.kk-drazenpetrovic.de\/wordpress\/?page_id=45"},"modified":"2020-10-09T08:06:19","modified_gmt":"2020-10-09T06:06:19","slug":"die-kk-drazen-petrovic-geschichte","status":"publish","type":"page","link":"https:\/\/www.crobaskets.com\/?page_id=45","title":{"rendered":"Vereinsgeschichte"},"content":{"rendered":"<p style=\"margin-bottom: 12.0pt;\">Zun\u00e4chst eine kurze Information, um \u00fcber den folgenden Text aufzukl\u00e4ren: Bevor wir den Namen \u201eCroBaskets Essen\u201c bekommen haben, lief der Verein unter dem Namen \u201eKK Drazen Petrovic Essen e.V.\u201c Die Geschichte unseres Vereins k\u00f6nnt ihr hier chronologisch von oben nach unten lesen.<b><br \/><br \/><strong>In Drazens Fu\u00dfstapfen<\/strong><br \/><\/b>Fans auf der ganzen Welt betrauerten am 07. Juni 1993 den Tod ihres Basketballidols Drazen Petrovic. Der Hall of Famer der New Jersey Nets (heute Brooklyn Nets) starb bei einem tragischen Unfall.\u00a0 Tomislav(Tomo) Brekalo, der sp\u00e4tere Gr\u00fcnder des KK Drazen Petrovic e.V., <br \/>war ein riesiger Fan von ihm. Am Tag an dem sein Held starb, war klar, dass die Legende Drazen weiterleben musste und er schwor sich, als er nach Deutschland zur\u00fcckkehrte, ein Basketballteam zu Ehren seines Idols zu formen.<br \/><br \/><strong>Gr\u00fcndung 2004:<\/strong><br \/>2004 gr\u00fcndete Tomo zusammen mit anderen Basketball-Begeisterten den Verein KK Drazen Petrovic e.V. in Essen. Wie auch Drazen, hatte der Verein zun\u00e4chst einen holprigen Weg zu gehen. Denn einen Sportverein zu organisieren stellte sich als deutlich schwierigere Aufgabe heraus, als seine Gr\u00fcndermitglieder anfangs dachten. <br \/>Dennoch wuchs das allgemeine Interesse am Verein und es wurden zwei Teams kreiert, die zun\u00e4chst in der niedrigsten Liga in Deutschland, der \u201eKreisliga\u201c, antraten. Der KK Drazen Petrovic e.V. baute seine Fangemeinde jedoch schnell aus. Angetrieben von dem Beispiel Drazens, investierten die Teammitglieder viel M\u00fche und Kraft, um das Team zusammenzuhalten und eine L\u00f6sung f\u00fcr die schwierige finanzielle Situation zu finden, um den Platz des Teams in der Liga zu halten. Mit viel harter Arbeit und gro\u00dfem Einsatz begann sich der Verein weiterzuentwickeln und schlie\u00dflich gelang es dem Team 2008, nachdem sie die Meisterschaft in der Kreisliga gewannen, in die Bezirksliga aufzusteigen. KK Drazen Petrovic e.V. sicherte sich sogar den Kreispokal in den Jahren 2008 und 2009. Neben dem Verein wurde ebenso das Drazen Petrovic Gedenkturnier ins Leben gerufen, mehr dazu seht ihr im folgendenVideo:<\/p>\n<p><iframe loading=\"lazy\" title=\"Memorijalni Turnir Drazen Petrovic\" width=\"620\" height=\"349\" src=\"https:\/\/www.youtube.com\/embed\/Gl4cj1rLtRA?feature=oembed\" frameborder=\"0\" allow=\"accelerometer; autoplay; clipboard-write; encrypted-media; gyroscope; picture-in-picture; web-share\" referrerpolicy=\"strict-origin-when-cross-origin\" allowfullscreen><\/iframe><\/p>\n<p>Nach einer soliden Saison in der Bezirksliga gab es ein Zerw\u00fcrfnis innerhalb des Vereins und 2010 l\u00f6ste sich die gesamte erste Mannschaft auf. <br \/>Mit einem Teil der zweiten Mannschaft sowie Jugendspielern ohne nennenswerte Spielerfahrung trat man nun in der Bezirksliga an, wo dann auch der erwartete Abstieg folgte. In den folgenden Jahren hielt man sich mit einem kleinen Kader meist im Mittelfeld in der ersten Kreisliga auf. Der Kader schrumpfte jedoch von Jahr zu Jahr und 2013 stand man vor der schweren Entscheidung das Team abzumelden oder auf Biegen und Brechen mit einem 6 Mann Kader anzutreten. Schweren Herzens zog man das Team am Ende doch zur\u00fcck.<br \/><br \/>Trotz der Abmeldung vom regul\u00e4ren Spielbetrieb, setzte man den Trainingsbetrieb fort und die Kernmitglieder blieben stets miteinander in Kontakt. \u00dcber die n\u00e4chsten 3 Jahre kamen immer neue Gesichter dazu, bis schlie\u00dflich die \u201aAlte Heimat\u2018 an der H\u00f6velstra\u00dfe zu eng wurde. Die Stadt teilte uns eine neue gr\u00f6\u00dfere Halle sowie weitere Trainingszeiten zu. <br \/>Der frische Geist ermutigte uns wieder ein Team zu melden und wir legten einen absoluten Raketenstart hin. 2016\/17 gewann man dann auch direkt die Kreismeisterschaft. Der neue Erfolg rief aber auch alte Gesichter, Anspr\u00fcche und leider auch Probleme auf den Plan.<\/p>\n<p><strong>Die Geburtsstunde der CroBaskets<\/strong><br \/>Im Hinblick auf die Abgrenzung zum teils schwierigen Vereinsleben vor 2013, sowie dem Ansporn einen erfolgreichen Weg mit einer eigenen Jugendabteilung zu gehen, entschied man sich f\u00fcr einen k\u00fcrzeren Vereinsnamen und taufte den Verein auf CroBaskets Essen e.V. um. Riesengro\u00dfe Drazen Petrovic Fans sind wir aber alle nach wie vor.<\/p>\n<p>Saison 2017\/18:<br \/>Mit dem frischen Wind der erfolgreichen Vorsaison ging es auch direkt weiter und man fuhr eine weitere Kreismeisterschaft ein und schaffte den Aufstieg in die Bezirksliga. Hinzu kam auch der Titel im Kreispokal. Im selben Jahr gingen die ersten Jugendteams und eine zweite Herrenmannschaft an der Start.<br \/><br \/>Saison 2018\/19:<br \/>1.Herren: 3. Platz Bezirksliga &#8211; Kreispokal ausgeschieden in Runde 1<br \/>2.Herren: Meister der Kreisliga 2<br \/>Jugend: folgt<br \/><br \/>Saison 2019\/20(vorzeitig beendet durch Corona):<br \/>1.Herren: 7. Platz Bezirksliga &#8211; Kreispokal abgesagt wg. Corona<br \/>2.Herren: 8. Platz Kreisliga 1<br \/>Jugend: folgt<br \/><br \/>Saison 2020\/21:<br \/>1.Herren: folgt<br \/>2.Herren: folgt<br \/>Jugend: folgt<\/p>\n\n\n<p><\/p>\n","protected":false},"excerpt":{"rendered":"<p>Zun\u00e4chst eine kurze Information, um \u00fcber den folgenden Text aufzukl\u00e4ren: Bevor wir den Namen \u201eCroBaskets Essen\u201c bekommen haben, lief der Verein unter dem Namen \u201eKK Drazen Petrovic Essen e.V.\u201c Die Geschichte unseres Vereins k\u00f6nnt ihr hier chronologisch von oben nach unten lesen. In Drazens Fu\u00dfstapfenFans auf der ganzen Welt betrauerten am 07. Juni 1993 den [&hellip;]<\/p>\n","protected":false},"author":1,"featured_media":0,"parent":0,"menu_order":0,"comment_status":"closed","ping_status":"closed","template":"","meta":{"footnotes":""},"class_list":["post-45","page","type-page","status-publish","hentry"],"yoast_head":"<!-- This site is optimized with the Yoast SEO plugin v27.0 - https:\/\/yoast.com\/product\/yoast-seo-wordpress\/ -->\n<title>Vereinsgeschichte | CroBaskets Essen<\/title>\n<meta name=\"robots\" content=\"index, follow, max-snippet:-1, max-image-preview:large, max-video-preview:-1\" \/>\n<link rel=\"canonical\" href=\"https:\/\/www.crobaskets.com\/?page_id=45\" \/>\n<meta property=\"og:locale\" content=\"de_DE\" \/>\n<meta property=\"og:type\" content=\"article\" \/>\n<meta property=\"og:title\" content=\"Vereinsgeschichte | CroBaskets Essen\" \/>\n<meta property=\"og:description\" content=\"Zun\u00e4chst eine kurze Information, um \u00fcber den folgenden Text aufzukl\u00e4ren: Bevor wir den Namen \u201eCroBaskets Essen\u201c bekommen haben, lief der Verein unter dem Namen \u201eKK Drazen Petrovic Essen e.V.\u201c Die Geschichte unseres Vereins k\u00f6nnt ihr hier chronologisch von oben nach unten lesen. In Drazens Fu\u00dfstapfenFans auf der ganzen Welt betrauerten am 07. Juni 1993 den [&hellip;]\" \/>\n<meta property=\"og:url\" content=\"https:\/\/www.crobaskets.com\/?page_id=45\" \/>\n<meta property=\"og:site_name\" content=\"CroBaskets Essen\" \/>\n<meta property=\"article:publisher\" content=\"https:\/\/www.facebook.com\/CroBasketsEssen\" \/>\n<meta property=\"article:modified_time\" content=\"2020-10-09T06:06:19+00:00\" \/>\n<meta name=\"twitter:card\" content=\"summary_large_image\" \/>\n<meta name=\"twitter:label1\" content=\"Gesch\u00e4tzte Lesezeit\" \/>\n\t<meta name=\"twitter:data1\" content=\"3\u00a0Minuten\" \/>\n<script type=\"application\/ld+json\" class=\"yoast-schema-graph\">{\"@context\":\"https:\/\/schema.org\",\"@graph\":[{\"@type\":\"WebPage\",\"@id\":\"https:\/\/www.crobaskets.com\/?page_id=45\",\"url\":\"https:\/\/www.crobaskets.com\/?page_id=45\",\"name\":\"Vereinsgeschichte | CroBaskets Essen\",\"isPartOf\":{\"@id\":\"https:\/\/www.crobaskets.com\/#website\"},\"datePublished\":\"2013-02-24T16:26:31+00:00\",\"dateModified\":\"2020-10-09T06:06:19+00:00\",\"breadcrumb\":{\"@id\":\"https:\/\/www.crobaskets.com\/?page_id=45#breadcrumb\"},\"inLanguage\":\"de\",\"potentialAction\":[{\"@type\":\"ReadAction\",\"target\":[\"https:\/\/www.crobaskets.com\/?page_id=45\"]}]},{\"@type\":\"BreadcrumbList\",\"@id\":\"https:\/\/www.crobaskets.com\/?page_id=45#breadcrumb\",\"itemListElement\":[{\"@type\":\"ListItem\",\"position\":1,\"name\":\"Startseite\",\"item\":\"https:\/\/www.crobaskets.com\/\"},{\"@type\":\"ListItem\",\"position\":2,\"name\":\"Vereinsgeschichte\"}]},{\"@type\":\"WebSite\",\"@id\":\"https:\/\/www.crobaskets.com\/#website\",\"url\":\"https:\/\/www.crobaskets.com\/\",\"name\":\"CroBaskets Essen\",\"description\":\"Basketball\",\"publisher\":{\"@id\":\"https:\/\/www.crobaskets.com\/#organization\"},\"potentialAction\":[{\"@type\":\"SearchAction\",\"target\":{\"@type\":\"EntryPoint\",\"urlTemplate\":\"https:\/\/www.crobaskets.com\/?s={search_term_string}\"},\"query-input\":{\"@type\":\"PropertyValueSpecification\",\"valueRequired\":true,\"valueName\":\"search_term_string\"}}],\"inLanguage\":\"de\"},{\"@type\":\"Organization\",\"@id\":\"https:\/\/www.crobaskets.com\/#organization\",\"name\":\"CroBaskets Essen\",\"url\":\"https:\/\/www.crobaskets.com\/\",\"logo\":{\"@type\":\"ImageObject\",\"inLanguage\":\"de\",\"@id\":\"https:\/\/www.crobaskets.com\/#\/schema\/logo\/image\/\",\"url\":\"https:\/\/www.crobaskets.com\/wp-content\/uploads\/2017\/07\/cropped-logo_CBE_quadratisch.jpg\",\"contentUrl\":\"https:\/\/www.crobaskets.com\/wp-content\/uploads\/2017\/07\/cropped-logo_CBE_quadratisch.jpg\",\"width\":512,\"height\":512,\"caption\":\"CroBaskets Essen\"},\"image\":{\"@id\":\"https:\/\/www.crobaskets.com\/#\/schema\/logo\/image\/\"},\"sameAs\":[\"https:\/\/www.facebook.com\/CroBasketsEssen\",\"https:\/\/www.instagram.com\/crobaskets.essen\"]}]}<\/script>\n<!-- \/ Yoast SEO plugin. -->","yoast_head_json":{"title":"Vereinsgeschichte | CroBaskets Essen","robots":{"index":"index","follow":"follow","max-snippet":"max-snippet:-1","max-image-preview":"max-image-preview:large","max-video-preview":"max-video-preview:-1"},"canonical":"https:\/\/www.crobaskets.com\/?page_id=45","og_locale":"de_DE","og_type":"article","og_title":"Vereinsgeschichte | CroBaskets Essen","og_description":"Zun\u00e4chst eine kurze Information, um \u00fcber den folgenden Text aufzukl\u00e4ren: Bevor wir den Namen \u201eCroBaskets Essen\u201c bekommen haben, lief der Verein unter dem Namen \u201eKK Drazen Petrovic Essen e.V.\u201c Die Geschichte unseres Vereins k\u00f6nnt ihr hier chronologisch von oben nach unten lesen. In Drazens Fu\u00dfstapfenFans auf der ganzen Welt betrauerten am 07. Juni 1993 den [&hellip;]","og_url":"https:\/\/www.crobaskets.com\/?page_id=45","og_site_name":"CroBaskets Essen","article_publisher":"https:\/\/www.facebook.com\/CroBasketsEssen","article_modified_time":"2020-10-09T06:06:19+00:00","twitter_card":"summary_large_image","twitter_misc":{"Gesch\u00e4tzte Lesezeit":"3\u00a0Minuten"},"schema":{"@context":"https:\/\/schema.org","@graph":[{"@type":"WebPage","@id":"https:\/\/www.crobaskets.com\/?page_id=45","url":"https:\/\/www.crobaskets.com\/?page_id=45","name":"Vereinsgeschichte | CroBaskets Essen","isPartOf":{"@id":"https:\/\/www.crobaskets.com\/#website"},"datePublished":"2013-02-24T16:26:31+00:00","dateModified":"2020-10-09T06:06:19+00:00","breadcrumb":{"@id":"https:\/\/www.crobaskets.com\/?page_id=45#breadcrumb"},"inLanguage":"de","potentialAction":[{"@type":"ReadAction","target":["https:\/\/www.crobaskets.com\/?page_id=45"]}]},{"@type":"BreadcrumbList","@id":"https:\/\/www.crobaskets.com\/?page_id=45#breadcrumb","itemListElement":[{"@type":"ListItem","position":1,"name":"Startseite","item":"https:\/\/www.crobaskets.com\/"},{"@type":"ListItem","position":2,"name":"Vereinsgeschichte"}]},{"@type":"WebSite","@id":"https:\/\/www.crobaskets.com\/#website","url":"https:\/\/www.crobaskets.com\/","name":"CroBaskets Essen","description":"Basketball","publisher":{"@id":"https:\/\/www.crobaskets.com\/#organization"},"potentialAction":[{"@type":"SearchAction","target":{"@type":"EntryPoint","urlTemplate":"https:\/\/www.crobaskets.com\/?s={search_term_string}"},"query-input":{"@type":"PropertyValueSpecification","valueRequired":true,"valueName":"search_term_string"}}],"inLanguage":"de"},{"@type":"Organization","@id":"https:\/\/www.crobaskets.com\/#organization","name":"CroBaskets Essen","url":"https:\/\/www.crobaskets.com\/","logo":{"@type":"ImageObject","inLanguage":"de","@id":"https:\/\/www.crobaskets.com\/#\/schema\/logo\/image\/","url":"https:\/\/www.crobaskets.com\/wp-content\/uploads\/2017\/07\/cropped-logo_CBE_quadratisch.jpg","contentUrl":"https:\/\/www.crobaskets.com\/wp-content\/uploads\/2017\/07\/cropped-logo_CBE_quadratisch.jpg","width":512,"height":512,"caption":"CroBaskets Essen"},"image":{"@id":"https:\/\/www.crobaskets.com\/#\/schema\/logo\/image\/"},"sameAs":["https:\/\/www.facebook.com\/CroBasketsEssen","https:\/\/www.instagram.com\/crobaskets.essen"]}]}},"_links":{"self":[{"href":"https:\/\/www.crobaskets.com\/index.php?rest_route=\/wp\/v2\/pages\/45","targetHints":{"allow":["GET"]}}],"collection":[{"href":"https:\/\/www.crobaskets.com\/index.php?rest_route=\/wp\/v2\/pages"}],"about":[{"href":"https:\/\/www.crobaskets.com\/index.php?rest_route=\/wp\/v2\/types\/page"}],"author":[{"embeddable":true,"href":"https:\/\/www.crobaskets.com\/index.php?rest_route=\/wp\/v2\/users\/1"}],"replies":[{"embeddable":true,"href":"https:\/\/www.crobaskets.com\/index.php?rest_route=%2Fwp%2Fv2%2Fcomments&post=45"}],"version-history":[{"count":10,"href":"https:\/\/www.crobaskets.com\/index.php?rest_route=\/wp\/v2\/pages\/45\/revisions"}],"predecessor-version":[{"id":2264,"href":"https:\/\/www.crobaskets.com\/index.php?rest_route=\/wp\/v2\/pages\/45\/revisions\/2264"}],"wp:attachment":[{"href":"https:\/\/www.crobaskets.com\/index.php?rest_route=%2Fwp%2Fv2%2Fmedia&parent=45"}],"curies":[{"name":"wp","href":"https:\/\/api.w.org\/{rel}","templated":true}]}}