{"id":151,"date":"2013-02-25T00:32:33","date_gmt":"2013-02-24T17:14:59","guid":{"rendered":"http:\/\/www.kk-drazenpetrovic.de\/?page_id=151"},"modified":"2026-02-25T22:25:50","modified_gmt":"2026-02-25T21:25:50","slug":"impressum-2","status":"publish","type":"page","link":"https:\/\/www.crobaskets.com\/?page_id=151","title":{"rendered":"Impressum"},"content":{"rendered":"<h1>CroBaskets Essen e.V.<\/h1>\n<p>Vereinsanschrift: Rodenseelstra\u00dfe 213, 45279 Essen<\/p>\n<p><strong>Eingetragen im Vereinsregister<\/strong><\/p>\n<p>Amtsgericht Essen 4566<br \/>\nSteuernummer: 111\/5785\/3621<\/p>\n<p>Email: <a href=\"mailto:info@crobaskets.com\">info@crobaskets.com<\/a><\/p>\n<p><strong>Vorstand:<\/strong><\/p>\n<ul>\n<li><strong>Vorsitzende:<\/strong><br \/>\n1. Marko Maric<br \/>\n2. Zdravko Vukoja<\/li>\n<li><strong>Kassenw\u00e4rte:<\/strong><br \/>\n1. Marina Tomic<br \/>\n2. Emel Yanik<\/li>\n<li><strong>Schriftf\u00fchrer:<\/strong><br \/>\n1. Hrvoje Mesin<br \/>\n2. Sebastian Sinske<\/li>\n<\/ul>\n<p><strong>Bankverbindung:<\/strong><br \/>\nCroBaskets Essen e.V.<br \/>\nIBAN: DE07 3605 0105 0000 2896 03<br \/>\nBIC: SPES DE3E XXX<br \/>\nSparkasse Essen<\/p>\n<p><strong>Rechtliche Hinweise<\/strong><br \/>\nInformationen auf dieser Internetseite dienen lediglich dem Zweck, das CroBaskets Essen e.V. sowie seine Produkte und Serviceleistungen zu pr\u00e4sentieren. Sie werden ohne Zusicherung oder Gew\u00e4hrleistung, sei es ausdr\u00fccklich oder stillschweigend, zur Verf\u00fcgung gestellt. Ausgeschlossen sind insbesondere alle Gew\u00e4hrleistungen, welche die Vollst\u00e4ndigkeit und Richtigkeit der Informationen, die Handelsf\u00e4higkeit von Produkten und deren Eignung f\u00fcr bestimmte Zwecke oder den Nichtversto\u00df gegen Rechte Dritter betreffen.<\/p>\n<p>CroBaskets Essen e.V. empfiehlt, jegliche Informationen, welche diese Internetseite enth\u00e4lt, vor Gebrauch auf ihre Richtigkeit zu \u00fcberpr\u00fcfen. Der Zugriff auf diese Internetseite und deren Inhalte geschieht auf eigene Gefahr des Nutzers. CroBaskets Essen e.V. haftet nicht f\u00fcr Sch\u00e4den, welche im Zusammenhang mit der Nutzung dieser Internetseite entstehen.<\/p>\n<p>Diese Internetseite enth\u00e4lt Links oder Verweise auf Internetseiten Dritter. CroBaskets Essen e.V. hat die dort enthaltenen Informationen nach bestem Wissen und Gewissen mit kaufm\u00e4nnischer Sorgfalt gepr\u00fcft. Dennoch werden solche Links lediglich aus Gr\u00fcnden der Verbraucherfreundlichkeit zur Verf\u00fcgung gestellt und beinhalten keine Zustimmung der CroBaskets Essen e.V. zu dem Inhalt der verlinkten Internetseite. CroBaskets Essen e.V. \u00fcbernimmt keine Verantwortung f\u00fcr die Verf\u00fcgbarkeit oder den Inhalt dieser Internetseiten. Eine Haftung der CroBaskets Essen e.V. f\u00fcr Sch\u00e4den jedweder Art, welche aus der Nutzung solcher Inhalte entstehen, ist ausgeschlossen. Links auf andere Internetseiten sind mit dem Icon gekennzeichnet.<\/p>\n<p>Die vorstehenden Haftungsbeschr\u00e4nkungen gelten nicht, soweit die CroBaskets Essen e.V. einen Schaden grob fahrl\u00e4ssig oder vors\u00e4tzlich verursacht hat oder in F\u00e4llen von Produkthaftung.<br \/>\nUrheberrecht<br \/>\nDer Inhalt dieser Website, insbesondere alle Texte, Bilder, Graphiken, Logos, Webcam-Bilder, Ton-, Video- und Animationsdateien sowie auch ihre Arrangements, unterliegen dem Urheberrecht und anderen Gesetzen zum Schutz geistigen Eigentums. CroBaskets Essen e.V. gew\u00e4hrt jedoch den Nutzern das Recht, die auf dieser Website bereitgestellten nicht namentlich oder anderweitig gekennzeichneten Texte, Bilder und Graphiken zu publizistischen<\/p>\n<p>Die Rechte f\u00fcr alle bereitgestellten namentlich oder anderweitig gekennzeichneten Dokumente (Texte, Bilder und Graphiken) sowie Logos, Webcam-Bilder, Ton-, Video- und Animationsdateien und deren Arrangements liegen bei den dort genannten Autoren oder Herausgebern. Jede Verwertung zu kommerziellen oder anderen Zwecken bedarf ihrer vorherigen Zustimmung. Bitte wenden Sie sich dazu direkt an die genannten Autoren\/Herausgeber oder an die im Impressum genannten Ansprechpartner dieser Website.<\/p>\n<p>Die auf CroBaskets Essen e.V.s-Website bereitgestellten Texte, Bilder, Graphiken, Logos etc. d\u00fcrfen aber weder ver\u00e4ndert, noch f\u00fcr Handelszwecke kopiert und in anderen Medien, einschlie\u00dflich anderer Websites, verwendet werden. Das Setzen eines Hyperlinks auf diese Website ist nur nach vorheriger Zustimmung der CroBaskets Essen e.V. gestattet. Bitte wenden Sie sich dazu an die im Impressum genannten Ansprechpartner dieser Website.<\/p>\n<p>Die Web-Seite der Evonik Industries gew\u00e4hrt auch keinerlei Lizenzrechte an dem geistigen Eigentum der CroBaskets Essen e.V.<\/p>\n<p>Alle auf der CroBaskets Essen e.V.s -Website genannten Marken und Logos sind gesetzlich gesch\u00fctzte Warenzeichen.<\/p>\n<p>S\u00e4mtliche Informationen oder Daten, ihre Nutzung und die Anmeldung zur CroBaskets Essen e.V. -Website sowie s\u00e4mtliches mit der CroBaskets Essen e.V. Website zusammenh\u00e4ngendes Tun, Dulden oder Unterlassen unterliegen ausschlie\u00dflich deutschem Recht. Erf\u00fcllungsort und ausschlie\u00dflicher Gerichtsstand ist Essen.<br \/>\nCopyright<br \/>\nDie vorliegenden Inhalte der Internetauftritte des CroBaskets Essen e.v. sind urheberrechtlich gesch\u00fctzt. Alle Rechte sind vorbehalten. Mit Ausnahme der angebotenen Downloads zur Verwendung in der Originalfassung verst\u00f6\u00dft die Verwendung der Texte und Abbildungen, auch auszugsweise, ohne die vorherige schriftliche Zustimmung des CroBaskets Essen e.v. gegen die Bestimmungen des Urheberrechts und ist damit rechtswidrig. Dies gilt insbesondere auch f\u00fcr alle Verwertungsrechte wie die Vervielf\u00e4ltigung, die \u00dcbersetzung oder die Verwendung in elektronischen Systemen. In den Internet-Auftritten werden Marken, Gesch\u00e4ftsbezeichnungen sowie sonstige Kennzeichen verwendet. Auch wenn diese nicht als solche gekennzeichnet sind, gelten die entsprechenden gesetzlichen Bestimmungen.<br \/>\nDisclaimer<\/p>\n<p><strong>Haftung f\u00fcr Inhalte<\/strong><br \/>\nDie Inhalte unserer Seiten wurden mit gr\u00f6\u00dfter Sorgfalt erstellt. F\u00fcr die Richtigkeit, Vollst\u00e4ndigkeit und Aktualit\u00e4t der Inhalte k\u00f6nnen wir jedoch keine Gew\u00e4hr \u00fcbernehmen.Als Diensteanbieter sind wir gem\u00e4\u00df \u00a7 6 Abs.1 MDStV und \u00a7 8 Abs.1 TDG f\u00fcr eigene Inhalte auf diesen Seiten nach den allgemeinen Gesetzen verantwortlich. Diensteanbieter sind jedoch nicht verpflichtet, die von ihnen \u00fcbermittelten oder gespeicherten fremden Informationen zu \u00fcberwachen oder nach Umst\u00e4nden zu forschen, die auf eine rechtswidrige T\u00e4tigkeit hinweisen. Verpflichtungen zur Entfernung oder Sperrung der Nutzung von Informationen nach den allgemeinen Gesetzen bleiben hiervon unber\u00fchrt. Eine diesbez\u00fcgliche Haftung ist jedoch erst ab dem Zeitpunkt der Kenntnis einer konkreten Rechtsverletzung m\u00f6glich. Bei bekannt werden von entsprechenden Rechtsverletzungen werden wir diese Inhalte umgehend entfernen.<br \/>\nHaftung f\u00fcr Links<br \/>\nUnser Angebot enth\u00e4lt Links zu externen Webseiten Dritter, auf deren Inhalte wir keinen Einfluss haben. Deshalb k\u00f6nnen wir f\u00fcr diese fremden Inhalte auch keine Gew\u00e4hr \u00fcbernehmen. F\u00fcr die Inhalte der verlinkten Seiten ist stets der jeweilige Anbieter oder Betreiber der Seiten verantwortlich. Die verlinkten Seiten wurden zum Zeitpunkt der Verlinkung auf m\u00f6gliche Rechtsverst\u00f6\u00dfe \u00fcberpr\u00fcft. Rechtswidrige Inhalte waren zum Zeitpunkt der Verlinkung nicht erkennbar. Eine permanente inhaltliche Kontrolle der verlinkten Seiten ist jedoch ohne konkrete Anhaltspunkte einer Rechtsverletzung nicht zumutbar. Bei bekannt werden von Rechtsverletzungen werden wir derartige Links umgehend entfernen.<br \/>\nUrheberrecht<br \/>\nDie Betreiber der Seiten sind bem\u00fcht, stets die Urheberrechte anderer zu beachten bzw. auf selbst erstellte sowie lizenzfreie Werke zur\u00fcckzugreifen.Die durch die Seitenbetreiber erstellten Inhalte und Werke auf diesen Seiten unterliegen dem deutschen Urheberrecht. Beitr\u00e4ge Dritter sind als solche gekennzeichnet. Die Vervielf\u00e4ltigung, Bearbeitung, Verbreitung und jede Art der Verwertung au\u00dferhalb der Grenzen des Urheberrechtes bed\u00fcrfen der schriftlichen Zustimmung des jeweiligen Autors bzw. Erstellers. Downloads und Kopien dieser Seite sind nur f\u00fcr den privaten, nicht kommerziellen Gebrauch gestattet.<\/p>\n<p>\u00a9 CroBaskets Essen e.V. , Stand: 15.04.2008<\/p>\n","protected":false},"excerpt":{"rendered":"<p>CroBaskets Essen e.V. Vereinsanschrift: Rodenseelstra\u00dfe 213, 45279 Essen Eingetragen im Vereinsregister Amtsgericht Essen 4566 Steuernummer: 111\/5785\/3621 Email: info@crobaskets.com Vorstand: Vorsitzende: 1. Marko Maric 2. Zdravko Vukoja Kassenw\u00e4rte: 1. Marina Tomic 2. Emel Yanik Schriftf\u00fchrer: 1. Hrvoje Mesin 2. Sebastian Sinske Bankverbindung: CroBaskets Essen e.V. IBAN: DE07 3605 0105 0000 2896 03 BIC: SPES DE3E XXX [&hellip;]<\/p>\n","protected":false},"author":1,"featured_media":0,"parent":0,"menu_order":0,"comment_status":"closed","ping_status":"closed","template":"","meta":{"footnotes":""},"class_list":["post-151","page","type-page","status-publish","hentry"],"yoast_head":"<!-- This site is optimized with the Yoast SEO plugin v27.0 - https:\/\/yoast.com\/product\/yoast-seo-wordpress\/ -->\n<title>Impressum | CroBaskets Essen<\/title>\n<meta name=\"robots\" content=\"index, follow, max-snippet:-1, max-image-preview:large, max-video-preview:-1\" \/>\n<link rel=\"canonical\" href=\"https:\/\/www.crobaskets.com\/?page_id=151\" \/>\n<meta property=\"og:locale\" content=\"de_DE\" \/>\n<meta property=\"og:type\" content=\"article\" \/>\n<meta property=\"og:title\" content=\"Impressum | CroBaskets Essen\" \/>\n<meta property=\"og:description\" content=\"CroBaskets Essen e.V. Vereinsanschrift: Rodenseelstra\u00dfe 213, 45279 Essen Eingetragen im Vereinsregister Amtsgericht Essen 4566 Steuernummer: 111\/5785\/3621 Email: info@crobaskets.com Vorstand: Vorsitzende: 1. Marko Maric 2. Zdravko Vukoja Kassenw\u00e4rte: 1. Marina Tomic 2. Emel Yanik Schriftf\u00fchrer: 1. Hrvoje Mesin 2. Sebastian Sinske Bankverbindung: CroBaskets Essen e.V. IBAN: DE07 3605 0105 0000 2896 03 BIC: SPES DE3E XXX [&hellip;]\" \/>\n<meta property=\"og:url\" content=\"https:\/\/www.crobaskets.com\/?page_id=151\" \/>\n<meta property=\"og:site_name\" content=\"CroBaskets Essen\" \/>\n<meta property=\"article:publisher\" content=\"https:\/\/www.facebook.com\/CroBasketsEssen\" \/>\n<meta property=\"article:modified_time\" content=\"2026-02-25T21:25:50+00:00\" \/>\n<meta name=\"twitter:card\" content=\"summary_large_image\" \/>\n<meta name=\"twitter:label1\" content=\"Gesch\u00e4tzte Lesezeit\" \/>\n\t<meta name=\"twitter:data1\" content=\"6\u00a0Minuten\" \/>\n<script type=\"application\/ld+json\" class=\"yoast-schema-graph\">{\"@context\":\"https:\/\/schema.org\",\"@graph\":[{\"@type\":\"WebPage\",\"@id\":\"https:\/\/www.crobaskets.com\/?page_id=151\",\"url\":\"https:\/\/www.crobaskets.com\/?page_id=151\",\"name\":\"Impressum | CroBaskets Essen\",\"isPartOf\":{\"@id\":\"https:\/\/www.crobaskets.com\/#website\"},\"datePublished\":\"2013-02-24T17:14:59+00:00\",\"dateModified\":\"2026-02-25T21:25:50+00:00\",\"breadcrumb\":{\"@id\":\"https:\/\/www.crobaskets.com\/?page_id=151#breadcrumb\"},\"inLanguage\":\"de\",\"potentialAction\":[{\"@type\":\"ReadAction\",\"target\":[\"https:\/\/www.crobaskets.com\/?page_id=151\"]}]},{\"@type\":\"BreadcrumbList\",\"@id\":\"https:\/\/www.crobaskets.com\/?page_id=151#breadcrumb\",\"itemListElement\":[{\"@type\":\"ListItem\",\"position\":1,\"name\":\"Startseite\",\"item\":\"https:\/\/www.crobaskets.com\/\"},{\"@type\":\"ListItem\",\"position\":2,\"name\":\"Impressum\"}]},{\"@type\":\"WebSite\",\"@id\":\"https:\/\/www.crobaskets.com\/#website\",\"url\":\"https:\/\/www.crobaskets.com\/\",\"name\":\"CroBaskets Essen\",\"description\":\"Basketball\",\"publisher\":{\"@id\":\"https:\/\/www.crobaskets.com\/#organization\"},\"potentialAction\":[{\"@type\":\"SearchAction\",\"target\":{\"@type\":\"EntryPoint\",\"urlTemplate\":\"https:\/\/www.crobaskets.com\/?s={search_term_string}\"},\"query-input\":{\"@type\":\"PropertyValueSpecification\",\"valueRequired\":true,\"valueName\":\"search_term_string\"}}],\"inLanguage\":\"de\"},{\"@type\":\"Organization\",\"@id\":\"https:\/\/www.crobaskets.com\/#organization\",\"name\":\"CroBaskets Essen\",\"url\":\"https:\/\/www.crobaskets.com\/\",\"logo\":{\"@type\":\"ImageObject\",\"inLanguage\":\"de\",\"@id\":\"https:\/\/www.crobaskets.com\/#\/schema\/logo\/image\/\",\"url\":\"https:\/\/www.crobaskets.com\/wp-content\/uploads\/2017\/07\/cropped-logo_CBE_quadratisch.jpg\",\"contentUrl\":\"https:\/\/www.crobaskets.com\/wp-content\/uploads\/2017\/07\/cropped-logo_CBE_quadratisch.jpg\",\"width\":512,\"height\":512,\"caption\":\"CroBaskets Essen\"},\"image\":{\"@id\":\"https:\/\/www.crobaskets.com\/#\/schema\/logo\/image\/\"},\"sameAs\":[\"https:\/\/www.facebook.com\/CroBasketsEssen\",\"https:\/\/www.instagram.com\/crobaskets.essen\"]}]}<\/script>\n<!-- \/ Yoast SEO plugin. -->","yoast_head_json":{"title":"Impressum | CroBaskets Essen","robots":{"index":"index","follow":"follow","max-snippet":"max-snippet:-1","max-image-preview":"max-image-preview:large","max-video-preview":"max-video-preview:-1"},"canonical":"https:\/\/www.crobaskets.com\/?page_id=151","og_locale":"de_DE","og_type":"article","og_title":"Impressum | CroBaskets Essen","og_description":"CroBaskets Essen e.V. Vereinsanschrift: Rodenseelstra\u00dfe 213, 45279 Essen Eingetragen im Vereinsregister Amtsgericht Essen 4566 Steuernummer: 111\/5785\/3621 Email: info@crobaskets.com Vorstand: Vorsitzende: 1. Marko Maric 2. Zdravko Vukoja Kassenw\u00e4rte: 1. Marina Tomic 2. Emel Yanik Schriftf\u00fchrer: 1. Hrvoje Mesin 2. Sebastian Sinske Bankverbindung: CroBaskets Essen e.V. IBAN: DE07 3605 0105 0000 2896 03 BIC: SPES DE3E XXX [&hellip;]","og_url":"https:\/\/www.crobaskets.com\/?page_id=151","og_site_name":"CroBaskets Essen","article_publisher":"https:\/\/www.facebook.com\/CroBasketsEssen","article_modified_time":"2026-02-25T21:25:50+00:00","twitter_card":"summary_large_image","twitter_misc":{"Gesch\u00e4tzte Lesezeit":"6\u00a0Minuten"},"schema":{"@context":"https:\/\/schema.org","@graph":[{"@type":"WebPage","@id":"https:\/\/www.crobaskets.com\/?page_id=151","url":"https:\/\/www.crobaskets.com\/?page_id=151","name":"Impressum | CroBaskets Essen","isPartOf":{"@id":"https:\/\/www.crobaskets.com\/#website"},"datePublished":"2013-02-24T17:14:59+00:00","dateModified":"2026-02-25T21:25:50+00:00","breadcrumb":{"@id":"https:\/\/www.crobaskets.com\/?page_id=151#breadcrumb"},"inLanguage":"de","potentialAction":[{"@type":"ReadAction","target":["https:\/\/www.crobaskets.com\/?page_id=151"]}]},{"@type":"BreadcrumbList","@id":"https:\/\/www.crobaskets.com\/?page_id=151#breadcrumb","itemListElement":[{"@type":"ListItem","position":1,"name":"Startseite","item":"https:\/\/www.crobaskets.com\/"},{"@type":"ListItem","position":2,"name":"Impressum"}]},{"@type":"WebSite","@id":"https:\/\/www.crobaskets.com\/#website","url":"https:\/\/www.crobaskets.com\/","name":"CroBaskets Essen","description":"Basketball","publisher":{"@id":"https:\/\/www.crobaskets.com\/#organization"},"potentialAction":[{"@type":"SearchAction","target":{"@type":"EntryPoint","urlTemplate":"https:\/\/www.crobaskets.com\/?s={search_term_string}"},"query-input":{"@type":"PropertyValueSpecification","valueRequired":true,"valueName":"search_term_string"}}],"inLanguage":"de"},{"@type":"Organization","@id":"https:\/\/www.crobaskets.com\/#organization","name":"CroBaskets Essen","url":"https:\/\/www.crobaskets.com\/","logo":{"@type":"ImageObject","inLanguage":"de","@id":"https:\/\/www.crobaskets.com\/#\/schema\/logo\/image\/","url":"https:\/\/www.crobaskets.com\/wp-content\/uploads\/2017\/07\/cropped-logo_CBE_quadratisch.jpg","contentUrl":"https:\/\/www.crobaskets.com\/wp-content\/uploads\/2017\/07\/cropped-logo_CBE_quadratisch.jpg","width":512,"height":512,"caption":"CroBaskets Essen"},"image":{"@id":"https:\/\/www.crobaskets.com\/#\/schema\/logo\/image\/"},"sameAs":["https:\/\/www.facebook.com\/CroBasketsEssen","https:\/\/www.instagram.com\/crobaskets.essen"]}]}},"_links":{"self":[{"href":"https:\/\/www.crobaskets.com\/index.php?rest_route=\/wp\/v2\/pages\/151","targetHints":{"allow":["GET"]}}],"collection":[{"href":"https:\/\/www.crobaskets.com\/index.php?rest_route=\/wp\/v2\/pages"}],"about":[{"href":"https:\/\/www.crobaskets.com\/index.php?rest_route=\/wp\/v2\/types\/page"}],"author":[{"embeddable":true,"href":"https:\/\/www.crobaskets.com\/index.php?rest_route=\/wp\/v2\/users\/1"}],"replies":[{"embeddable":true,"href":"https:\/\/www.crobaskets.com\/index.php?rest_route=%2Fwp%2Fv2%2Fcomments&post=151"}],"version-history":[{"count":9,"href":"https:\/\/www.crobaskets.com\/index.php?rest_route=\/wp\/v2\/pages\/151\/revisions"}],"predecessor-version":[{"id":3043,"href":"https:\/\/www.crobaskets.com\/index.php?rest_route=\/wp\/v2\/pages\/151\/revisions\/3043"}],"wp:attachment":[{"href":"https:\/\/www.crobaskets.com\/index.php?rest_route=%2Fwp%2Fv2%2Fmedia&parent=151"}],"curies":[{"name":"wp","href":"https:\/\/api.w.org\/{rel}","templated":true}]}}